{"id":13211,"date":"2015-07-09T15:10:45","date_gmt":"2015-07-09T06:10:45","guid":{"rendered":"http:\/\/www.atombengo.com\/jidanbengo\/soudan\/?page_id=13211"},"modified":"2022-03-01T10:29:16","modified_gmt":"2022-03-01T01:29:16","slug":"cont1-3","status":"publish","type":"page","link":"https:\/\/atombengo.com\/jidanbengo\/cont1-3","title":{"rendered":"\u793a\u8ac7\u66f8\u306e\u96db\u5f62 \u30d5\u30a9\u30fc\u30de\u30c3\u30c8\u3068\u306f"},"content":{"rendered":"\n<p>\u300c\u793a\u8ac7\u66f8\u306b\u30d5\u30a9\u30fc\u30de\u30c3\u30c8\u304c\u3042\u308c\u3070\u6559\u3048\u3066\u307b\u3057\u3044\u3002\u300d<br>\u300c\u629c\u3051\u304c\u7121\u3044\u793a\u8ac7\u66f8\u3092\u304b\u3051\u308b\u304b\u4e0d\u5b89\u3002\u300d<\/p>\n\n\n\n<p><strong>\u793a\u8ac7\u66f8\u306e\u66f8\u304d\u65b9<\/strong>\u306b\u3064\u3044\u3066\u304a\u60a9\u307f\u306e\u65b9\u3078\u3002<br><strong>\u793a\u8ac7\u66f8<\/strong>\u306b\u306f\u5fc5\u305a\u76db\u308a\u8fbc\u3080\u3079\u304d\u8981\u7d20\u304c\u3042\u308a\u307e\u3059\u3002<strong>\u793a\u8ac7\u7d4c\u9a13\u306e\u8c4a\u5bcc\u306a\u5f01\u8b77\u58eb<\/strong>\u306b\u30b5\u30dd\u30fc\u30c8\u3092\u304a\u9858\u3044\u3059\u308b\u3053\u3068\u3067\u3001\u5fc5\u8981\u306a\u60c5\u5831\u3092\u76db\u308a\u8fbc\u3093\u3060<strong>\u793a\u8ac7\u66f8<\/strong>\u3092\u8a18\u5165\u3059\u308b\u3053\u3068\u304c\u3067\u304d\u307e\u3059\u3002<\/p>\n\n\n\n<p><strong>\u5211\u4e8b\u4e8b\u4ef6\u306b\u5f37\u3044\u5f01\u8b77\u58eb<\/strong>\u306b\u76f8\u8ac7\u3057\u3066\u3001\u629c\u304b\u308a\u306e\u7121\u3044<strong>\u793a\u8ac7\u66f8<\/strong>\u3092\u4f5c\u6210\u3057\u307e\u3057\u3087\u3046\u3002<\/p>\n\n\n\n<h2 class=\"wp-block-heading\"> \uff31\uff0e \u793a\u8ac7\u66f8\u3092\u304b\u304f\u306e\u306b\u3001\u6c17\u3092\u4ed8\u3051\u305f\u65b9\u304c\u3044\u3044\u3053\u3068\u306f\u3042\u308a\u307e\u3059\u304b\uff1f<\/h2>\n\n\n\n<p>\u4e00\u8a00\u3067\u793a\u8ac7\u3068\u3044\u3063\u3066\u3082\u3001\u7686\u540c\u3058\u3067\u306f\u3042\u308a\u307e\u305b\u3093\u3002\u793a\u8ac7\u306b\u306f\u3001\u5177\u4f53\u7684\u306b\u306f\u4ee5\u4e0b\u306e\u30bf\u30a4\u30d7\u304c\u3042\u308a\u307e\u3059\u3002<\/p>\n\n\n\n<ul><li>\u2460 \u6c11\u4e8b\u4e0a\u306e\u793a\u8ac7\uff1a\u8b1d\u7f6a\u3068\u5f01\u511f\u3092\u3057\u3066\u3001\u4ee5\u964d\u306f\u304a\u4e92\u3044\u306b\u7d1b\u4e89\u306b\u3057\u306a\u3044\u3068\u5408\u610f\u3059\u308b\u3082\u306e<\/li><li>\u2461 \u5211\u4e8b\u4e0a\u306e\u793a\u8ac7\uff1a\u6c11\u4e8b\u4e0a\u306e\u793a\u8ac7\u306b\u52a0\u3048\u3001\u3055\u3089\u306b\u300c\u8a31\u3059\u300d\u3068\u3044\u3046\u6761\u9805\u3092\u76db\u308a\u8fbc\u3080\u3082\u306e<br>\uff08\u3053\u306e\u300c\u8a31\u3059\u300d\u3068\u3044\u3046\u6761\u9805\u3092\u3001\u300c\u5ba5\u6055\u6761\u9805\uff08\u3086\u3046\u3058\u3087\u3058\u3087\u3046\u3053\u3046\uff09\u300d\u3068\u3044\u3044\u307e\u3059\uff09<\/li><li>\u2462 \u88ab\u5bb3\u5c4a\u53d6\u4e0b\u3052\uff1a\u5211\u4e8b\u4e0a\u306e\u793a\u8ac7\u306b\u52a0\u3048\u3001\u88ab\u5bb3\u5c4a\u3092\u53d6\u308a\u4e0b\u3052\u3066\u3082\u3089\u3046\u3082\u306e<\/li><li>\u2463 \u544a\u8a34\u53d6\u6d88\uff1a\u5211\u4e8b\u4e0a\u306e\u793a\u8ac7\u306b\u52a0\u3048\u3001\u544a\u8a34\u3092\u53d6\u308a\u6d88\u3057\u3066\u3082\u3089\u3046\u3082\u306e<\/li><\/ul>\n\n\n\n<p>\u544a\u8a34\u3084\u88ab\u5bb3\u5c4a\u304c\u51fa\u3066\u3044\u308b\u4e8b\u4ef6\u3067\u306f\u3001\u2462\u307e\u305f\u306f\u2463\u306e\u793a\u8ac7\u304c\u4e00\u756a\u826f\u3044\u793a\u8ac7\u3068\u3044\u3048\u308b\u3067\u3057\u3087\u3046\u3002<br>\u305d\u308c\u4ee5\u5916\u306e\u4e8b\u4ef6\u3067\u3082\u3001\u3088\u3044\u7d50\u679c\u3092\u5f97\u308b\u305f\u3081\u306b\u306f\u6700\u4f4e\u9650\u300c<strong>\u5ba5\u6055\u6761\u9805<\/strong>\u300d\u306e\u5165\u3063\u305f\u793a\u8ac7\u304c\u5fc5\u8981\u3067\u3059\u3002<br>\u3053\u306e\u3088\u3046\u306b\u3001\u793a\u8ac7\u306e\u7a2e\u985e\u306b\u3088\u3063\u3066\u3001\u793a\u8ac7\u66f8\u306b\u66f8\u304f\u3079\u304d\u5185\u5bb9\u304c\u5909\u308f\u3063\u3066\u304d\u307e\u3059\u3002<br>\u793a\u8ac7\u3092\u3059\u308b\u969b\u306b\u306f\u3001\u3069\u306e\u3088\u3046\u306a\u793a\u8ac7\u3092\u3059\u308b\u306e\u304b\u3001\u5f01\u8b77\u58eb\u306b\u3054\u76f8\u8ac7\u306e\u3046\u3048\u3001\u793a\u8ac7\u66f8\u3092\u4f5c\u6210\u3055\u308c\u308b\u3053\u3068\u3092\u304a\u52e7\u3081\u3057\u307e\u3059\u3002<\/p>\n\n\n\n<h2 class=\"wp-block-heading\"> \uff31\uff0e \u793a\u8ac7\u306b\u306f\u7a2e\u985e\u304c\u3042\u308b\u3068\u805e\u304d\u307e\u3057\u305f\u3002\u793a\u8ac7\u66f8\u3092\u66f8\u304f\u969b\u306b\u5f71\u97ff\u3057\u307e\u3059\u304b\uff1f<\/h2>\n\n\n\n<p>\u793a\u8ac7\u3092\u3059\u308b\u306b\u3082\u3001\u53e3\u7d04\u675f\u3067\u306f\u3001\u5f8c\u3005\u518d\u5ea6\u4e89\u3044\u304c\u8d77\u3053\u308b\u53ef\u80fd\u6027\u304c\u3042\u308a\u307e\u3059\u3002\u305d\u3053\u3067\u3001\u5fc5\u305a\u300c<strong>\u793a\u8ac7\u66f8<\/strong>\u300d\u3068\u3044\u3063\u305f\u66f8\u9762\u306b\u7d50\u679c\u3092\u6b8b\u3057\u307e\u3059\u3002<br>\u793a\u8ac7\u66f8\u306b\u306f\u3001\u307e\u305a\u3001\u4e8b\u4ef6\u306e\u6982\u8981\uff08\u4e89\u3044\u306e\u539f\u56e0\uff09\uff0f\u8ce0\u511f\u306e\u5185\u5bb9\uff0f\u793a\u8ac7\u91d1\u306e\u91d1\u984d\uff0f\u793a\u8ac7\u91d1\u306e\u652f\u6255\u3044\u65b9\u6cd5\uff08\u8ab0\u304c\u8ab0\u306b\u3069\u3053\u3067\u652f\u6255\u3046\u306e\u304b\uff09\uff0f\u8ce0\u511f\u91d1\u306e\u652f\u6255\u3044\u6642\u671f\u306a\u3069\u3092\u660e\u8a18\u3057\u307e\u3059\u3002\u4e21\u8005\u306e\u9593\u3067\u3001\u4f55\u304b\u7d04\u675f\u4e8b\u3092\u5b9a\u3081\u308b\u5834\u5408\u306b\u306f\u3001\u305d\u308c\u3082\u8a18\u8f09\u3057\u307e\u3059\u3002\u305f\u3068\u3048\u3070\u3001\u300c\u4eca\u5f8c\u4e00\u5207\u52a0\u5bb3\u8005\u306f\u88ab\u5bb3\u8005\u306b\u9023\u7d61\u3092\u3068\u3089\u306a\u3044\u300d\u3068\u3044\u3063\u305f\u5185\u5bb9\u304c\u8003\u3048\u3089\u308c\u307e\u3059\u3002<br>\u305d\u3057\u3066\u6700\u5f8c\u306b\u3001\u3053\u306e\u793a\u8ac7\u6210\u7acb\u3092\u3082\u3063\u3066\u3001<strong>\u4eca\u5f8c\u4e00\u5207\u4e89\u3044\u3092\u84b8\u3057\u8fd4\u3055\u306a\u3044<\/strong>\u3068\u3044\u3046\u7d04\u675f\u3092\u8a18\u3057\u3066\u304a\u304f\u70b9\u304c\u975e\u5e38\u306b\u91cd\u8981\u3067\u3059\u3002\u793a\u8ac7\u3092\u7de0\u7d50\u3057\u305f\u306e\u306b\u3001\u5f8c\u3005\u4e89\u3044\u304c\u518d\u71c3\u3057\u3066\u3057\u307e\u3063\u3066\u306f\u3001\u4f55\u306e\u305f\u3081\u306e\u793a\u8ac7\u3060\u3063\u305f\u306e\u304b\u5206\u304b\u308a\u307e\u305b\u3093\u3002<\/p>\n\n\n\n<h2 class=\"wp-block-heading\"> \uff31\uff0e \u793a\u8ac7\u306e\u30d5\u30a9\u30fc\u30de\u30c3\u30c8\u304c\u3042\u308c\u3070\u6559\u3048\u3066\u304f\u3060\u3055\u3044\u3002<\/h2>\n\n\n\n<p>\u793a\u8ac7\u66f8\u306e\u5185\u5bb9\u306f\u3001\u793a\u8ac7\u306e\u5185\u5bb9\u3068\u3001\u4e8b\u4ef6\u306b\u3088\u3063\u3066\u5909\u308f\u3063\u3066\u304d\u307e\u3059\u3002\u3053\u3053\u3067\u306f\u3001\u544a\u8a34\u3055\u308c\u308b\u524d\u306e\u50b7\u5bb3\u4e8b\u4ef6\u306e\u793a\u8ac7\u66f8\u306e\u4f8b\u3092\u3054\u7d39\u4ecb\u3057\u307e\u3059\u3002<\/p>\n\n\n\n<h3 class=\"wp-block-heading\">\u793a\u8ac7\u66f8<\/h3>\n\n\n\n<p>\u00d7\u00d7\u00d7\u00d7\u3092\u7532\u3068\u3057\u3001\u00d7\u00d7\u00d7\u00d7\u3092\u4e59\u3068\u3057\u3001\u7532\u304a\u3088\u3073\u4e59\u306f\u3001202\u00d7\u5e74\u00d7\u6708\u00d7\u65e5\u3001\u6771\u4eac\u90fd\u00d7\u00d7\u533a\u00d7\u4e01\u76ee\u00d7\u756a\u00d7\u53f7\u306b\u304a\u3044\u3066\u3001\u4e59\u304c\u7532\u306b\u66b4\u884c\u3057\u3001\u50b7\u5bb3\u3092\u8ca0\u308f\u305b\u305f\u4ef6\u306b\u3064\u304d\u3001\u6b21\u306e\u901a\u308a\u793a\u8ac7\u3059\u308b\u3002<\/p>\n\n\n\n<p>1\u4e59\u306f\u7532\u306b\u5bfe\u3057\u3066\u3001\u6cbb\u7642\u8cbb\u3001\u6170\u85c9\u6599\u3001\u4f11\u696d\u640d\u5bb3\u306a\u3069\u306e\u640d\u5bb3\u8ce0\u511f\u3068\u3057\u3066\u91d190\u4e07\u5186\u3092\u652f\u6255\u3046\u3002<br>2\u7532\u306f\u4e59\u306e\u524d\u8a18\u884c\u70ba\u3092\u8a31\u3059\u3082\u306e\u3068\u3057\u3001\u4ee5\u5f8c\u3001\u88ab\u5bb3\u5c4a\u3051\u3001\u544a\u8a34\u306a\u3069\u3092\u51fa\u3055\u306a\u3044\u3002<br>3\u672c\u793a\u8ac7\u306b\u3088\u308a\u672c\u4ef6\u306b\u95a2\u3059\u308b\u7d1b\u4e89\u304c\u4e00\u5207\u89e3\u6c7a\u3057\u305f\u3082\u306e\u3068\u3057\u3001\u7532\u306f\u3001\u4ee5\u5f8c\u4f55\u3089\u306e\u8acb\u6c42\u3092\u3057\u306a\u3044\u3002<br>4\u7532\u4e59\u9593\u306b\u306f\u672c\u793a\u8ac7\u66f8\u306b\u8a18\u8f09\u3055\u308c\u305f\u3082\u306e\u4ee5\u5916\u3001\u4f55\u3089\u50b5\u6a29\u50b5\u52d9\u304c\u306a\u3044\u3053\u3068\u3092\u76f8\u4e92\u306b\u78ba\u8a8d\u3059\u308b\u3002<\/p>\n\n\n\n<p>\u3000\u3000202\u00d7\u5e74\u00d7\u6708\u00d7\u65e5<\/p>\n\n\n\n<p>\u4f4f\u6240 \u3000\u6771\u4eac\u90fd\u00d7\u533a\u00d7\u4e01\u76ee\u00d7\u756a\u00d7\u53f7<br>\uff08\u7532\uff09\u3000\u6c0f\u540d\u3000\u3000\u00d7\u00d7\u3000\u00d7\u00d7 \u3000\u3000<\/p>\n\n\n\n<p>\u4f4f\u6240\u3000\u6771\u4eac\u90fd\u00d7\u533a\u00d7\u753a\u00d7\u4e01\u76ee\u00d7\u756a\u00d7\u53f7<br>\u00d7\u00d7\u00d7\u6cd5\u5f8b\u4e8b\u52d9\u6240 \u3000\u3000\u3000\u3000\u3000\u3000<br>\uff08\u7532\u4ee3\u7406\u4eba\uff09\u3000\u5f01\u8b77\u58eb\u3000\u3000\u00d7\u00d7\u00d7\u00d7 \u3000\u3000 \u5370<\/p>\n\n\n\n<p>\u4f4f\u6240\u3000\u6771\u4eac\u90fd\u00d7\u00d7\u533a\u00d7\u753a\u00d7\u4e01\u76ee\u00d7\u756a\u00d7\u53f7<br>\uff08\u4e59\uff09\u3000\u6c0f\u540d\u3000\u3000\u00d7\u00d7 \u00d7\u00d7\u3000\u3000 \u5370<\/p>\n\n\n\n<p>\u3057\u304b\u3057\u3001\u3053\u308c\u306f\u3042\u304f\u307e\u3067\u793a\u8ac7\u66f8\u306e\u4e00\u4f8b\u3067\u3042\u308a\u3001\u4e8b\u4ef6\u306e\u6027\u8cea\u3084\u793a\u8ac7\u306e\u5185\u5bb9\u306b\u3088\u3063\u3066\u3082\u8a18\u8f09\u3059\u308b\u3079\u304d\u5185\u5bb9\u306f\u5909\u308f\u3063\u3066\u304d\u307e\u3059\u3002<br>\u793a\u8ac7\u3092\u3054\u5e0c\u671b\u306e\u65b9\u306f\u3001<strong>\u793a\u8ac7\u306e\u7d4c\u9a13\u3042\u308b\u5f01\u8b77\u58eb<\/strong>\u306b\u307e\u305a\u306f\u76f8\u8ac7\u3055\u308c\u308b\u3053\u3068\u3092\u304a\u52e7\u3081\u3057\u307e\u3059\u3002<\/p>\n","protected":false},"excerpt":{"rendered":"<p>\u300c\u793a\u8ac7\u66f8\u306b\u30d5\u30a9\u30fc\u30de\u30c3\u30c8\u304c\u3042\u308c\u3070\u6559\u3048\u3066\u307b\u3057\u3044\u3002\u300d\u300c\u629c\u3051\u304c\u7121\u3044\u793a\u8ac7\u66f8\u3092\u304b\u3051\u308b\u304b\u4e0d\u5b89\u3002\u300d \u793a\u8ac7\u66f8\u306e\u66f8\u304d\u65b9\u306b\u3064\u3044\u3066\u304a\u60a9\u307f\u306e\u65b9\u3078\u3002\u793a\u8ac7\u66f8\u306b\u306f\u5fc5\u305a\u76db\u308a\u8fbc\u3080\u3079\u304d\u8981\u7d20\u304c\u3042\u308a\u307e\u3059\u3002\u793a\u8ac7\u7d4c\u9a13\u306e\u8c4a\u5bcc\u306a\u5f01\u8b77\u58eb\u306b\u30b5\u30dd\u30fc\u30c8\u3092\u304a\u9858\u3044\u3059\u308b\u3053\u3068\u3067\u3001\u5fc5\u8981\u306a [&hellip;]<\/p>\n","protected":false},"author":1,"featured_media":49953,"parent":0,"menu_order":0,"comment_status":"closed","ping_status":"closed","template":"","meta":{"_acf_changed":false,"footnotes":""},"acf":{"revision":["koukinkei"]},"_links":{"self":[{"href":"https:\/\/atombengo.com\/jidanbengo\/wp-json\/wp\/v2\/pages\/13211"}],"collection":[{"href":"https:\/\/atombengo.com\/jidanbengo\/wp-json\/wp\/v2\/pages"}],"about":[{"href":"https:\/\/atombengo.com\/jidanbengo\/wp-json\/wp\/v2\/types\/page"}],"author":[{"embeddable":true,"href":"https:\/\/atombengo.com\/jidanbengo\/wp-json\/wp\/v2\/users\/1"}],"replies":[{"embeddable":true,"href":"https:\/\/atombengo.com\/jidanbengo\/wp-json\/wp\/v2\/comments?post=13211"}],"version-history":[{"count":12,"href":"https:\/\/atombengo.com\/jidanbengo\/wp-json\/wp\/v2\/pages\/13211\/revisions"}],"predecessor-version":[{"id":50094,"href":"https:\/\/atombengo.com\/jidanbengo\/wp-json\/wp\/v2\/pages\/13211\/revisions\/50094"}],"wp:featuredmedia":[{"embeddable":true,"href":"https:\/\/atombengo.com\/jidanbengo\/wp-json\/wp\/v2\/media\/49953"}],"wp:attachment":[{"href":"https:\/\/atombengo.com\/jidanbengo\/wp-json\/wp\/v2\/media?parent=13211"}],"curies":[{"name":"wp","href":"https:\/\/api.w.org\/{rel}","templated":true}]}}